{"id":2624,"date":"2024-09-30T09:56:07","date_gmt":"2024-09-30T07:56:07","guid":{"rendered":"https:\/\/global-minded.nelio.cz\/?page_id=2624"},"modified":"2024-09-30T10:02:59","modified_gmt":"2024-09-30T08:02:59","slug":"jazykove-certifikace","status":"publish","type":"page","link":"https:\/\/global-minded.cz\/?page_id=2624","title":{"rendered":"Jazykov\u00e9 certifikace"},"content":{"rendered":"\t\t<div data-elementor-type=\"wp-page\" data-elementor-id=\"2624\" class=\"elementor elementor-2624\" data-elementor-post-type=\"page\">\n\t\t\t\t<div class=\"elementor-element elementor-element-627d327 e-flex e-con-boxed e-con e-parent\" data-id=\"627d327\" data-element_type=\"container\" data-e-type=\"container\">\n\t\t\t\t\t<div class=\"e-con-inner\">\n\t\t\t\t<div class=\"elementor-element elementor-element-b86b290 elementor-widget elementor-widget-heading\" data-id=\"b86b290\" data-element_type=\"widget\" data-e-type=\"widget\" data-widget_type=\"heading.default\">\n\t\t\t\t<div class=\"elementor-widget-container\">\n\t\t\t\t\t<h2 class=\"elementor-heading-title elementor-size-default\"><span class=\"elementor-heading-title elementor-size-default elementor-inline-editing pen\" data-elementor-setting-key=\"title\" data-pen-placeholder=\"Type Here...\" style=\"font-size: calc(var(--ne-base-font-size) + 27px)\">Otev\u0159ete si dve\u0159e k dal\u0161\u00edmu vzd\u011bl\u00e1n\u00ed a pracovn\u00edm p\u0159\u00edle\u017eitostem<\/span><\/h2>\t\t\t\t<\/div>\n\t\t\t\t<\/div>\n\t\t\t\t<div class=\"elementor-element elementor-element-3ff2646 elementor-widget elementor-widget-image\" data-id=\"3ff2646\" data-element_type=\"widget\" data-e-type=\"widget\" data-widget_type=\"image.default\">\n\t\t\t\t<div class=\"elementor-widget-container\">\n\t\t\t\t\t\t\t\t\t\t\t\t\t\t\t<img decoding=\"async\" width=\"300\" height=\"161\" src=\"https:\/\/global-minded.cz\/wp-content\/uploads\/2024\/09\/Prep-centre-logo_CMYK-300x161.jpg\" class=\"attachment-medium size-medium wp-image-2628\" alt=\"\" srcset=\"https:\/\/global-minded.cz\/wp-content\/uploads\/2024\/09\/Prep-centre-logo_CMYK-300x161.jpg 300w, https:\/\/global-minded.cz\/wp-content\/uploads\/2024\/09\/Prep-centre-logo_CMYK-1024x550.jpg 1024w, https:\/\/global-minded.cz\/wp-content\/uploads\/2024\/09\/Prep-centre-logo_CMYK-768x412.jpg 768w, https:\/\/global-minded.cz\/wp-content\/uploads\/2024\/09\/Prep-centre-logo_CMYK-1536x824.jpg 1536w, https:\/\/global-minded.cz\/wp-content\/uploads\/2024\/09\/Prep-centre-logo_CMYK-870x467.jpg 870w, https:\/\/global-minded.cz\/wp-content\/uploads\/2024\/09\/Prep-centre-logo_CMYK-811x435.jpg 811w, https:\/\/global-minded.cz\/wp-content\/uploads\/2024\/09\/Prep-centre-logo_CMYK.jpg 1787w\" sizes=\"(max-width: 300px) 100vw, 300px\" \/>\t\t\t\t\t\t\t\t\t\t\t\t\t\t\t<\/div>\n\t\t\t\t<\/div>\n\t\t\t\t<div class=\"elementor-element elementor-element-8d797f2 elementor-widget elementor-widget-text-editor\" data-id=\"8d797f2\" data-element_type=\"widget\" data-e-type=\"widget\" data-widget_type=\"text-editor.default\">\n\t\t\t\t<div class=\"elementor-widget-container\">\n\t\t\t\t\t\t\t\t\t<p>Cambridge certifikace (angli\u010dtina)<\/p><ul><li>Z\u0160 Global Minded je <strong>ofici\u00e1ln\u00edm p\u0159\u00edpravn\u00fdm centrem<\/strong>\u00a0na jazykov\u00e9 zkou\u0161ky Cambridge r\u016fzn\u00e9 \u00farovn\u011b znalost\u00ed podle Spole\u010dn\u00e9ho evropsk\u00e9ho referen\u010dn\u00edho r\u00e1mce (CEFR) od A1 a\u017e po C2.<\/li><li>Tyto certifikace testuj\u00ed jak obecn\u00fd jazyk, tak specializovan\u00e9 oblasti, jako je obchodn\u00ed angli\u010dtina.<\/li><li>Pokr\u00fdvaj\u00ed <strong>v\u0161echny \u010dty\u0159i z\u00e1kladn\u00ed dovednosti<\/strong>: poslech, mluven\u00ed, \u010dten\u00ed a psan\u00ed. Hodnot\u00ed, jak dob\u0159e dok\u00e1\u017eou studenti jazyk pou\u017e\u00edt v re\u00e1ln\u00fdch \u017eivotn\u00edch situac\u00edch.<\/li><li>Na\u0161i studenti skl\u00e1daj\u00ed <strong>prvn\u00ed jazykov\u00e9 zkou\u0161ky z\u00a0angli\u010dtiny v\u011bt\u0161inou v\u00a06. t\u0159\u00edd\u011b<\/strong>\u00a0\/\u00farove\u0148 B1 nebo B2\/ a pokra\u010duj\u00ed v\u00a07. a 8. t\u0159\u00edd\u011b dal\u0161\u00edmi \u00farovn\u011bmi. Student\u016fm, o kter\u00e9 se star\u00e1me dlouhodob\u011b a studuj\u00ed v\u00a0na\u0161\u00ed \u0161kole od 1. t\u0159\u00eddy, se da\u0159\u00ed dos\u00e1hnout \u00farove\u0148 C1 v\u00a08. t\u0159\u00edd\u011b.<\/li><li>V r\u00e1mci p\u0159\u00edpravy je p\u0159ihl\u00e1\u0161en\u00fdm student\u016fm dostupn\u00e9 i online rozhran\u00ed s\u00a0mnoha typov\u00fdmi \u00falohami zam\u011b\u0159en\u00fdmi na jednotliv\u00e9 oblasti zkou\u0161ky.<\/li><\/ul><p>\u00a0<\/p><p>DELE certifikace (\u0161pan\u011bl\u0161tina)<\/p><ul><li>V GM rovn\u011b\u017e umo\u017e\u0148ujeme student\u016fm p\u0159\u00edpravu a skl\u00e1d\u00e1n\u00ed\u00a0<strong>jazykov\u00fdch zkou\u0161ek ze \u0161pan\u011blsk\u00e9ho jazyka<\/strong>.<\/li><li>Diplom DELE ze \u0161pan\u011bl\u0161tiny jako ciz\u00edho jazyka je ofici\u00e1ln\u00edm dokladem potvrzuj\u00edc\u00edm \u00farove\u0148 znalost\u00ed \u0161pan\u011bl\u0161tiny, kter\u00fd jm\u00e9nem \u0161pan\u011blsk\u00e9ho Ministerstva \u0161kolstv\u00ed a odborn\u00e9ho vzd\u011bl\u00e1v\u00e1n\u00ed vyd\u00e1v\u00e1 Instituto Cervantes.<\/li><li>Studenti dosahuj\u00ed <strong>\u00farovn\u011b A2 v\u00a07. ro\u010dn\u00edku a B1 v\u00a08. ro\u010dn\u00edku<\/strong>. Podle \u00farovn\u011b p\u0159edchoz\u00edch znalost\u00ed lze pom\u00fd\u0161let i na vy\u0161\u0161\u00ed \u00farovn\u011b.<\/li><\/ul><p>\u00a0<\/p><p>\u00da\u010dast na jazykov\u00fdch zkou\u0161k\u00e1ch je dobrovoln\u00e1. Zkou\u0161ky se obvykle konaj\u00ed v\u00a0z\u00e1v\u011bru \u0161koln\u00edho roku. Na zkou\u0161ky se se studenty p\u0159ipravujeme pr\u016fb\u011b\u017en\u011b a 2 m\u011bs\u00edce p\u0159ed zkou\u0161kou p\u0159\u00edpravu zintenziv\u0148ujeme. Diplom DELE i Cambridge certifik\u00e1t maj\u00ed neomezenou platnost a jsou mnoha gymn\u00e1zii bonifikov\u00e1ny p\u0159i p\u0159ij\u00edmac\u00edm \u0159\u00edzen\u00ed.<\/p><p>Certifik\u00e1t z jazykov\u00e9 zko\u0161ky pom\u016f\u017ee student\u016fm otev\u0159\u00edt dve\u0159e ke vzd\u011bl\u00e1n\u00ed, pracovn\u00edmu uplatn\u011bn\u00ed i dal\u0161\u00edm p\u0159\u00edle\u017eitostem v\u00a0\u017eivot\u011b.<\/p><p>Od \u0161koln\u00edho roku 2020\/2021 maj\u00ed podle platn\u00e9 legislativy studenti mo\u017enost nahradit profilovou \u010d\u00e1st maturitn\u00ed zkou\u0161ky z\u00a0anglick\u00e9ho jazyka \/a tak\u00e9 dal\u0161\u00edch jazyk\u016f\/ certifik\u00e1tem Cambridge English na \u00farovni B1 nebo vy\u0161\u0161\u00ed \/pop\u0159. certifik\u00e1ty DELE\/.\u00a0To znamen\u00e1, \u017ee sta\u010d\u00ed napsat didaktick\u00fd test ve st\u00e1tn\u00ed \u010d\u00e1sti maturity z\u00a0jazyka a m\u00edsto \u0161koln\u00ed \u010d\u00e1sti uplatnit jazykov\u00fd certifik\u00e1t. Od \u00farovn\u011b B2 je \u00fasp\u011b\u0161n\u00e1 mezin\u00e1rodn\u00ed zkou\u0161ka a certifik\u00e1t rovn\u00e1 prvn\u00ed \u00farovni st\u00e1tn\u00ed jazykov\u00e9 zkou\u0161ky \/\u00farove\u0148 B2 = z\u00e1kladn\u00ed \u00farove\u0148 SJZ, \u00farove\u0148 C1 = v\u0161eobecn\u00e1 \u00farove\u0148 SJZ\/. Rozd\u00edlem mezi SJZ a mezin\u00e1rodn\u00ed certifikac\u00ed je uznatelnost v\u00a0zahrani\u010d\u00ed, kdy SJZ je platn\u00e1 pouze v\u00a0r\u00e1mci \u010cR, zat\u00edmco mezin\u00e1rodn\u00ed certifik\u00e1t je uznateln\u00fd ve v\u011bt\u0161in\u011b zem\u00ed sv\u011bta. Naproti tomu SJZ existuje i pro jazyky, pro kter\u00e9 neexistuje syst\u00e9m mezin\u00e1rodn\u011b uzn\u00e1van\u00fdch certifikac\u00ed.<\/p>\t\t\t\t\t\t\t\t<\/div>\n\t\t\t\t<\/div>\n\t\t\t\t\t<\/div>\n\t\t\t\t<\/div>\n\t\t\t\t<\/div>\n\t\t","protected":false},"excerpt":{"rendered":"<p>Otev\u0159ete si dve\u0159e k dal\u0161\u00edmu vzd\u011bl\u00e1n\u00ed a pracovn\u00edm p\u0159\u00edle\u017eitostem Cambridge certifikace (angli\u010dtina) Z\u0160 Global Minded je ofici\u00e1ln\u00edm p\u0159\u00edpravn\u00fdm centrem\u00a0na jazykov\u00e9 zkou\u0161ky Cambridge r\u016fzn\u00e9 \u00farovn\u011b znalost\u00ed podle Spole\u010dn\u00e9ho evropsk\u00e9ho referen\u010dn\u00edho r\u00e1mce [&hellip;]<\/p>\n","protected":false},"author":1,"featured_media":0,"parent":0,"menu_order":0,"comment_status":"closed","ping_status":"closed","template":"","meta":{"_acf_changed":false,"inline_featured_image":false,"footnotes":""},"class_list":["post-2624","page","type-page","status-publish","hentry"],"acf":[],"_links":{"self":[{"href":"https:\/\/global-minded.cz\/index.php?rest_route=\/wp\/v2\/pages\/2624","targetHints":{"allow":["GET"]}}],"collection":[{"href":"https:\/\/global-minded.cz\/index.php?rest_route=\/wp\/v2\/pages"}],"about":[{"href":"https:\/\/global-minded.cz\/index.php?rest_route=\/wp\/v2\/types\/page"}],"author":[{"embeddable":true,"href":"https:\/\/global-minded.cz\/index.php?rest_route=\/wp\/v2\/users\/1"}],"replies":[{"embeddable":true,"href":"https:\/\/global-minded.cz\/index.php?rest_route=%2Fwp%2Fv2%2Fcomments&post=2624"}],"version-history":[{"count":4,"href":"https:\/\/global-minded.cz\/index.php?rest_route=\/wp\/v2\/pages\/2624\/revisions"}],"predecessor-version":[{"id":2631,"href":"https:\/\/global-minded.cz\/index.php?rest_route=\/wp\/v2\/pages\/2624\/revisions\/2631"}],"wp:attachment":[{"href":"https:\/\/global-minded.cz\/index.php?rest_route=%2Fwp%2Fv2%2Fmedia&parent=2624"}],"curies":[{"name":"wp","href":"https:\/\/api.w.org\/{rel}","templated":true}]}}