{"id":2242,"date":"2024-09-03T11:24:13","date_gmt":"2024-09-03T09:24:13","guid":{"rendered":"https:\/\/global-minded.nelio.cz\/?page_id=2242"},"modified":"2024-09-03T11:43:18","modified_gmt":"2024-09-03T09:43:18","slug":"__zapis-a-skolne-copy-2","status":"publish","type":"page","link":"https:\/\/global-minded.cz\/?page_id=2242","title":{"rendered":"P\u0159estup do vy\u0161\u0161\u00edho ro\u010dn\u00edku"},"content":{"rendered":"\t\t<div data-elementor-type=\"wp-page\" data-elementor-id=\"2242\" class=\"elementor elementor-2242\" data-elementor-post-type=\"page\">\n\t\t\t\t<div class=\"elementor-element elementor-element-9a3f0c1 text-block text-block-reverce pb-xs-50 pb-sm-60 pb-md-60 pb-lg-120 pt-0 e-flex e-con-boxed e-con e-parent\" data-id=\"9a3f0c1\" data-element_type=\"container\" data-e-type=\"container\">\n\t\t\t\t\t<div class=\"e-con-inner\">\n\t\t\t\t<div class=\"elementor-element elementor-element-e344c0f elementor-widget elementor-widget-text-editor\" data-id=\"e344c0f\" data-element_type=\"widget\" data-e-type=\"widget\" data-widget_type=\"text-editor.default\">\n\t\t\t\t<div class=\"elementor-widget-container\">\n\t\t\t\t\t\t\t\t\t<p>V\u00a0p\u0159\u00edpad\u011b, \u017ee m\u00e1te z\u00e1jem o p\u0159estup Va\u0161eho d\u00edt\u011bte do vy\u0161\u0161\u00edch ro\u010dn\u00edk\u016f Global Minded, kontaktujte n\u00e1s na emailu <a href=\"mailto:info@global-minded.cz\">info@global-minded.cz<\/a> pro zji\u0161t\u011bn\u00ed aktu\u00e1ln\u00edch p\u0159\u00edpadn\u00fdch voln\u00fdch kapacit. Ned\u00edlnou sou\u010d\u00e1st\u00ed procesu p\u0159estupu je rozhovor veden\u00ed \u0161koly s\u00a0rodi\u010di, n\u00e1v\u0161t\u011bva a prohl\u00eddka prostor \u0161koly a zku\u0161ebn\u00ed dny \u017e\u00e1ka ve t\u0159\u00edd\u011b (v rozsahu 3-5 dn\u00ed), kam by byl p\u0159\u00edpadn\u011b za\u0159azen, a n\u00e1sledn\u00e1 spole\u010dn\u00e1 reflexe.<\/p>\t\t\t\t\t\t\t\t<\/div>\n\t\t\t\t<\/div>\n\t\t\t\t\t<\/div>\n\t\t\t\t<\/div>\n\t\t\t\t<\/div>\n\t\t","protected":false},"excerpt":{"rendered":"<p>V\u00a0p\u0159\u00edpad\u011b, \u017ee m\u00e1te z\u00e1jem o p\u0159estup Va\u0161eho d\u00edt\u011bte do vy\u0161\u0161\u00edch ro\u010dn\u00edk\u016f Global Minded, kontaktujte n\u00e1s na emailu info@global-minded.cz pro zji\u0161t\u011bn\u00ed aktu\u00e1ln\u00edch p\u0159\u00edpadn\u00fdch voln\u00fdch kapacit. Ned\u00edlnou sou\u010d\u00e1st\u00ed procesu p\u0159estupu je rozhovor [&hellip;]<\/p>\n","protected":false},"author":1,"featured_media":0,"parent":0,"menu_order":0,"comment_status":"closed","ping_status":"closed","template":"","meta":{"_acf_changed":false,"inline_featured_image":false,"footnotes":""},"class_list":["post-2242","page","type-page","status-publish","hentry"],"acf":[],"_links":{"self":[{"href":"https:\/\/global-minded.cz\/index.php?rest_route=\/wp\/v2\/pages\/2242","targetHints":{"allow":["GET"]}}],"collection":[{"href":"https:\/\/global-minded.cz\/index.php?rest_route=\/wp\/v2\/pages"}],"about":[{"href":"https:\/\/global-minded.cz\/index.php?rest_route=\/wp\/v2\/types\/page"}],"author":[{"embeddable":true,"href":"https:\/\/global-minded.cz\/index.php?rest_route=\/wp\/v2\/users\/1"}],"replies":[{"embeddable":true,"href":"https:\/\/global-minded.cz\/index.php?rest_route=%2Fwp%2Fv2%2Fcomments&post=2242"}],"version-history":[{"count":7,"href":"https:\/\/global-minded.cz\/index.php?rest_route=\/wp\/v2\/pages\/2242\/revisions"}],"predecessor-version":[{"id":2257,"href":"https:\/\/global-minded.cz\/index.php?rest_route=\/wp\/v2\/pages\/2242\/revisions\/2257"}],"wp:attachment":[{"href":"https:\/\/global-minded.cz\/index.php?rest_route=%2Fwp%2Fv2%2Fmedia&parent=2242"}],"curies":[{"name":"wp","href":"https:\/\/api.w.org\/{rel}","templated":true}]}}