{"id":1088,"date":"2024-02-12T16:30:37","date_gmt":"2024-02-12T15:30:37","guid":{"rendered":"https:\/\/tetty.nelio.cz\/?page_id=1088"},"modified":"2024-10-25T21:18:21","modified_gmt":"2024-10-25T19:18:21","slug":"__new-kariera","status":"publish","type":"page","link":"https:\/\/global-minded.cz\/?page_id=1088","title":{"rendered":"Chci u v\u00e1s pracovat"},"content":{"rendered":"\t\t<div data-elementor-type=\"wp-page\" data-elementor-id=\"1088\" class=\"elementor elementor-1088\" data-elementor-post-type=\"page\">\n\t\t\t\t<div class=\"elementor-element elementor-element-e1225a1 e-flex e-con-boxed e-con e-parent\" data-id=\"e1225a1\" data-element_type=\"container\" data-e-type=\"container\">\n\t\t\t\t\t<div class=\"e-con-inner\">\n\t\t\t\t<div class=\"elementor-element elementor-element-7d07adc elementor-widget elementor-widget-text-editor\" data-id=\"7d07adc\" data-element_type=\"widget\" data-e-type=\"widget\" data-widget_type=\"text-editor.default\">\n\t\t\t\t<div class=\"elementor-widget-container\">\n\t\t\t\t\t\t\t\t\t<div>\n<h3 align=\"center\"><span style=\"color: #E51B62;\">Kdo jsme?<\/span><\/h3>\nJsme soukrom\u00e1 \u010desko-anglick\u00e1 z\u00e1kladn\u00ed \u0161kola a s\u00eddl\u00edme na Praze 6. A to u\u017e v\u00edce jak 6 let. Je n\u00e1s ale v\u00edc ne\u017e 6 a pr\u016fb\u011b\u017en\u011b v\u00a0na\u0161ich \u0159ad\u00e1ch v\u00edt\u00e1me nov\u00e9 kolegy.\n\nTi st\u00e1vaj\u00edc\u00ed o n\u00e1s \u0159\u00edkaj\u00ed, \u017ee jsme <strong><em>ne\u0161kola<\/em><\/strong><em>, <\/em>kter\u00e1 hled\u00e1 <strong><em>neu\u010ditele<\/em><\/strong>. Zakl\u00e1d\u00e1me si na tom, aby u n\u00e1s byli lid\u00e9 vystudovan\u00ed, znal\u00ed sv\u011bta a <strong>origin\u00e1ln\u00ed<\/strong>. Obklopujeme se lidmi inteligentn\u00edmi, talentem, \u017eivotn\u00ed radost\u00ed a p\u0159esahem na v\u00edce \u00farovn\u00edch. Lidmi, kte\u0159\u00ed <strong>v\u00ed<\/strong>, co cht\u011bj\u00ed a s\u00a0v\u00e1\u0161n\u00ed pom\u00e1haj\u00ed naj\u00edt na\u0161im <strong>d\u011btem <\/strong>pr\u00e1v\u011b jejich cestu.\n\nPr\u00e1ce u n\u00e1s m\u00e1 obrovsk\u00fd <strong>smysl<\/strong> a v\u017edy bude\u0161 m\u00edt velik\u00fd <strong>prostor<\/strong> uplatnit n\u011bco ze sebe. <strong>Motivovat<\/strong>, podpo\u0159it, a j\u00edt p\u0159\u00edkladem.\n\nJsou u n\u00e1s u\u010ditel\u00e9, kte\u0159\u00ed u\u017e n\u011bco zkusili a pr\u00e1ce a <strong>p\u0159\u00edle\u017eitost\u00ed<\/strong> u n\u00e1s si opravdu <strong>v\u00e1\u017e\u00ed <\/strong>a my si v\u00e1\u017e\u00edme jich. <strong>Nadchla<\/strong> t\u011b p\u0159edstava, \u017ee tady bude\u0161 s\u00a0n\u00e1mi?\n<h3 align=\"center\"><span style=\"color: #E51B62;\">Co ti nab\u00edz\u00edme?<\/span><\/h3>\n<ul>\n \t<li>Podm\u00ednky spolupr\u00e1ce um\u00edme <strong>p\u0159izp\u016fsobit<\/strong> tv\u00fdm pot\u0159eb\u00e1m ku spokojenosti tv\u00e9, na\u0161\u00ed, a samoz\u0159ejm\u011b d\u011bt\u00ed a rodi\u010d\u016f.<\/li>\n \t<li>N\u00e1\u0161 t\u0159\u00eddn\u00ed u\u010ditel si vyd\u011bl\u00e1 pr\u016fm\u011brn\u011b 45-50\u00a0000 K\u010d \u010dist\u00e9ho m\u011bs\u00ed\u010dn\u011b.<\/li>\n \t<li>M\u016f\u017ee\u0161 vyu\u017e\u00edvat slu\u017eebn\u00ed v\u016fz, notebook, nebo m\u00edt m\u00edsto v\u00a0na\u0161\u00ed dvojjazy\u010dn\u00e9 \u0161kolce pro vlastn\u00ed d\u00edt\u011b.<\/li>\n \t<li><strong>V\u017edy<\/strong> pro tebe m\u00e1me k\u00a0dispozici dobrou k\u00e1vu, \u010daj, i vynikaj\u00edc\u00ed \u010dokol\u00e1du. \ud83d\ude0a<\/li>\n \t<li>R\u00e1di s\u00a0na\u0161imi lidmi pracujeme tak, aby byli <strong>\u0161\u0165astn\u00ed<\/strong>, v\u011bd\u011bli, \u017ee jsou pro n\u00e1s a d\u011bti <strong>d\u016fle\u017eit\u00ed<\/strong>, a posouvali se na osobn\u00ed i profesn\u00ed \u00farovni. <strong>Podpo\u0159\u00edme<\/strong> t\u011b v\u00a0osobn\u00edm rozvoji, pr\u00e1ci na sob\u011b sama, a to v\u00a0oblastech komunikace, respektuj\u00edc\u00edho p\u0159\u00edstupu, bilingvn\u00edho vzd\u011bl\u00e1v\u00e1n\u00ed, nebo leadershipu. Realizujeme i zahrani\u010dn\u00ed st\u00e1\u017ee a m\u016f\u017ee\u0161 tak\u00e9 s\u00e1m\/sama navrhnout, v\u00a0jak\u00e9 oblasti chce\u0161 r\u016fst. <strong>Pot\u011b\u0161\u00ed<\/strong> n\u00e1s, kdy\u017e budeme moct <strong>pomoci<\/strong>.<\/li>\n<\/ul>\n<h3 align=\"center\"><span style=\"color: #E51B62;\">Te\u010f n\u011bco k organizaci\u2026<\/span><\/h3>\n<ul class=\"wp-block-list\">\n \t<li>U\u010d\u00edme v\u017edy od 8:30 do 14:30. T\u0159\u00eddn\u00ed u\u010ditel je v\u00a0na\u0161\u00ed \u0161kole 3 dny v\u00a0t\u00fddnu ve t\u0159\u00edd\u011b a 2 dny se na v\u00fduku p\u0159ipravuje. Tandemov\u00fd u\u010ditel d\u011bti podporuje na denn\u00ed b\u00e1zi.<\/li>\n \t<li>Zvon\u011bn\u00edm odzvonilo. Pracujeme v\u00a0r\u00e1mci integrovan\u00fdch blok\u016f, <strong>p\u0159ech\u00e1z\u00edme<\/strong> z\u00a0\u010dinnosti do \u010dinnosti a z\u00a0p\u0159edm\u011btu do p\u0159edm\u011btu. P\u0159edm\u011bty se tedy prol\u00ednaj\u00ed. M\u00e1\u0161 \u010das a kapacity na to d\u016fle\u017eit\u00e9. A\u0165 u\u017e je to <strong>dokon\u010den\u00ed<\/strong> my\u0161lenek a projekt\u016f, nebo dopracov\u00e1n\u00ed logick\u00fdch celk\u016f.<\/li>\n \t<li>T\u0159\u00eddn\u00ed u\u010ditel v\u017edy tvo\u0159\u00ed mini t\u00fdm s\u00a0u\u010ditelem tandemov\u00fdm, z\u00e1rove\u0148 spolupracuje a \u00fazce <strong>komunikuje<\/strong> s\u00a0rodil\u00fdm mluv\u010d\u00edm angli\u010dtiny. Ten vyu\u010duje n\u011bkter\u00e9 p\u0159edm\u011bty ve dnech, kdy u\u010ditel neu\u010d\u00ed. Proto je otev\u0159en\u00e1 spolupr\u00e1ce, vylad\u011bn\u00e1 <strong>souhra<\/strong> a tak\u00e9 dobr\u00e1 znalost angli\u010dtiny z\u00e1sadn\u00ed.<\/li>\n \t<li>Aplikujeme <strong>sebehodnocen\u00ed<\/strong> a slovn\u00ed hodnocen\u00ed d\u011bt\u00ed.<\/li>\n \t<li>Ve\u0161kerou organizaci nech na n\u00e1s. Nemus\u00ed\u0161 vysv\u011btlovat, od\u016fvod\u0148ovat, nebo p\u0159esv\u011bd\u010dovat n\u011bkoho o tv\u00e9 pr\u00e1ci. M\u00e1\u0161 na\u0161i neutuchaj\u00edc\u00ed a konstantn\u00ed <strong>podporu<\/strong> p\u0159i komunikaci s\u00a0rodi\u010di.<\/li>\n<\/ul>\n<br>\n<h3 align=\"center\"><span style=\"color: #E51B62;\">\u2026 a na\u0161im n\u00e1stroj\u016fm<\/span><\/h3>\n<ul class=\"wp-block-list\">\n \t<li>V\u00a0online \u010dasech jsme <strong>u\u010den\u00ed<\/strong> zvl\u00e1dli hrav\u011b v\u00a0MS Teams a v\u00a0pr\u00e1ci s\u00a0nimi pokra\u010dujeme i v\u00a0r\u00e1mci prezen\u010dn\u00ed a <strong>hybridn\u00ed<\/strong> v\u00fduky.<\/li>\n \t<li>Jako \u0161koln\u00ed syst\u00e9m komunikace s rodinami a reportingu pou\u017e\u00edv\u00e1me <strong>EduPage<\/strong>.<\/li>\n \t<li>R\u016fzn\u00e9 vzd\u011bl\u00e1vac\u00ed programy pro d\u011bti rozb\u00edh\u00e1me i na \u0161koln\u00edch iPadech. Ov\u0161em, s\u00a0m\u00edrou. P\u0159ece jenom, preferujeme <strong>b\u00fdt<\/strong> te\u010f a tady.<\/li>\n<\/ul>\n<\/div>\n<div>\n<br>\n<h3 align=\"center\"><span style=\"color: #E51B62;\">Mo\u017en\u00e1 hled\u00e1me pr\u00e1v\u011b tebe, pokud:<\/span><\/h3>\n<ul class=\"wp-block-list\">\n \t<li>M\u00e1\u0161 v\u00e1\u0161e\u0148 a p\u0159esv\u011bd\u010den\u00ed.<\/li>\n \t<li>M\u00e1\u0161 skute\u010dn\u011b pozitivn\u00ed vztah k\u00a0d\u011btem a chce\u0161 jim d\u00e1t to nejlep\u0161\u00ed.<\/li>\n \t<li>M\u00e1\u0161 energii a nezastav\u00ed\u0161 se p\u0159ed prvn\u00ed p\u0159ek\u00e1\u017ekou.<\/li>\n \t<li>Jsi schopn\u00fd, talentovan\u00fd, odoln\u00fd. Nebo schopn\u00e1, talentovan\u00e1 a odoln\u00e1, samoz\u0159ejm\u011b. \ud83d\ude0a<\/li>\n \t<li>Jsi renesan\u010dn\u00ed osobnost a u\u010den\u00ed je smyslem tv\u00e9ho \u017eivota.<\/li>\n \t<li>Jsi pro ostatn\u00ed inspirac\u00ed a motivac\u00ed b\u00fdt lep\u0161\u00ed. Jen o u\u010den\u00ed to toti\u017e nen\u00ed. Hled\u00e1me diamanty. I ty neopracovan\u00e9.<\/li>\n \t<li>M\u00e1\u0161 p\u0159esah a p\u0159in\u00e1\u0161\u00ed\u0161 nad\u0161en\u00ed pro v\u011bc.<\/li>\n \t<li>Jsi vytrval\u00fd\/\u00e1 a bude\u0161 s\u00a0n\u00e1mi cht\u00edt z\u016fstat del\u0161\u00ed dobu. Preferujeme maratonce p\u0159ed sprintery.<\/li>\n \t<li>Jsi otev\u0159en\u00fd\/\u00e1 a p\u0159\u00edm\u00e1 komunikace je pro tebe ta spr\u00e1vn\u00e1 cesta.<\/li>\n<\/ul>\n<\/div>\n<div>\n<h3 align=\"center\"><\/h3>\n<h3 align=\"center\"><span style=\"color: #E51B62;\">A co d\u00e1l?<\/span><\/h3>\nOzvi se n\u00e1m. Kdykoliv, i b\u011bhem \u0161koln\u00edho roku. Po\u0161li \u017eivotopis na <b><a id=\"OWAef76cf3b-3b78-fed1-5fde-f0d3dce59ef1\" class=\"OWAAutoLink\" title=\"\" href=\"mailto:bestteachers@global-minded.cz\" data-linkindex=\"0\" data-loopstyle=\"linkonly\">bestteachers@global-minded.cz<\/a><\/b>\u00a0a kdy\u017e se n\u00e1m bude l\u00edbit, s <b>pot\u011b\u0161en\u00edm<\/b>\u00a0se ozveme.\n\nBudou t\u011b \u010dekat jeden a\u017e dva zku\u0161ebn\u00ed dny, po kter\u00fdch si spole\u010dn\u011b \u0159ekneme, jestli by ti ve t\u0159\u00edd\u011b a v\u00a0na\u0161em uspo\u0159\u00e1d\u00e1n\u00ed bylo <b>dob\u0159e<\/b>. Popov\u00edd\u00e1me si o tom, jak\u00e9 to bylo a d\u00e1me ti feedback od koleg\u016f i d\u011bt\u00ed.\n\nSou\u010d\u00e1st\u00ed je i psychologick\u00fd test. Na jeho z\u00e1klad\u011b op\u011bt dostane\u0161 osobn\u00ed zp\u011btnou vazbu, a to bez ohledu na to, jestli spolu budeme <b>pokra\u010dovat<\/b>, nebo nikoliv. Pro n\u00e1s je d\u016fle\u017eit\u00e9 v\u011bd\u011bt, pro\u010d a jak se rozhoduje\u0161. Interakce je transparentn\u00ed a my jsme v\u017edy velice <b>otev\u0159en\u00ed<\/b>. Na tom si zakl\u00e1d\u00e1me.\n\nVytv\u00e1\u0159\u00edme <b>nadstandardn\u00ed<\/b>\u00a0a f\u00e9rov\u00e9 podm\u00ednky, kter\u00e9 nejsou k\u00a0dost\u00e1n\u00ed na trhu kdekoliv jinde. Chceme ale tak\u00e9 v\u011bci, kter\u00e9 nikdo jin\u00fd na trhu nechce.\n\nKa\u017ed\u00fd u\u010ditel je skute\u010dn\u011b <b>ohodnocen<\/b>, a to na v\u00edce \u00farovn\u00edch. Chceme, aby vzd\u011bl\u00e1v\u00e1n\u00ed vypadalo jinak. Ur\u010dujeme trendy, m\u016f\u017ee\u0161 taky.\n\n<b>Bu\u010f<\/b>\u00a0sou\u010d\u00e1st\u00ed na\u0161\u00ed \u0161kolky.\n\n<b>Bu\u010f<\/b>\u00a0sou\u010d\u00e1st\u00ed na\u0161eho \u00fasp\u011bchu.\n<p class=\"elementToProof\"><b>Bu\u010f<\/b>\u00a0sou\u010d\u00e1st\u00ed \u00fa\u017easn\u00e9 <b>GLOBAL MINDED<\/b><\/p>\n\n<\/div>\t\t\t\t\t\t\t\t<\/div>\n\t\t\t\t<\/div>\n\t\t\t\t\t<\/div>\n\t\t\t\t<\/div>\n\t\t\t\t<\/div>\n\t\t","protected":false},"excerpt":{"rendered":"<p>Kdo jsme? Jsme soukrom\u00e1 \u010desko-anglick\u00e1 z\u00e1kladn\u00ed \u0161kola a s\u00eddl\u00edme na Praze 6. A to u\u017e v\u00edce jak 6 let. Je n\u00e1s ale v\u00edc ne\u017e 6 a pr\u016fb\u011b\u017en\u011b v\u00a0na\u0161ich \u0159ad\u00e1ch v\u00edt\u00e1me [&hellip;]<\/p>\n","protected":false},"author":1,"featured_media":0,"parent":0,"menu_order":0,"comment_status":"closed","ping_status":"closed","template":"","meta":{"_acf_changed":false,"inline_featured_image":false,"footnotes":""},"class_list":["post-1088","page","type-page","status-publish","hentry"],"acf":[],"_links":{"self":[{"href":"https:\/\/global-minded.cz\/index.php?rest_route=\/wp\/v2\/pages\/1088","targetHints":{"allow":["GET"]}}],"collection":[{"href":"https:\/\/global-minded.cz\/index.php?rest_route=\/wp\/v2\/pages"}],"about":[{"href":"https:\/\/global-minded.cz\/index.php?rest_route=\/wp\/v2\/types\/page"}],"author":[{"embeddable":true,"href":"https:\/\/global-minded.cz\/index.php?rest_route=\/wp\/v2\/users\/1"}],"replies":[{"embeddable":true,"href":"https:\/\/global-minded.cz\/index.php?rest_route=%2Fwp%2Fv2%2Fcomments&post=1088"}],"version-history":[{"count":39,"href":"https:\/\/global-minded.cz\/index.php?rest_route=\/wp\/v2\/pages\/1088\/revisions"}],"predecessor-version":[{"id":2933,"href":"https:\/\/global-minded.cz\/index.php?rest_route=\/wp\/v2\/pages\/1088\/revisions\/2933"}],"wp:attachment":[{"href":"https:\/\/global-minded.cz\/index.php?rest_route=%2Fwp%2Fv2%2Fmedia&parent=1088"}],"curies":[{"name":"wp","href":"https:\/\/api.w.org\/{rel}","templated":true}]}}