{"id":1075,"date":"2024-02-12T16:15:09","date_gmt":"2024-02-12T15:15:09","guid":{"rendered":"https:\/\/tetty.nelio.cz\/?page_id=1075"},"modified":"2026-01-15T12:22:05","modified_gmt":"2026-01-15T11:22:05","slug":"__zapis-a-skolne","status":"publish","type":"page","link":"https:\/\/global-minded.cz\/?page_id=1075","title":{"rendered":"Z\u00e1pis a \u0161koln\u00e9"},"content":{"rendered":"<p><!-- Begin text-block --><\/p>\n<section>Jak se k n\u00e1m m\u016f\u017eete zapsat?<\/p>\n<h2>Z\u00e1pis<\/h2>\n<p>\u0160koln\u00ed rok 2026\/27<br \/>\nRo\u010dn\u00ed \u0161koln\u00e9 pro rok 2026\/2027 je 325 000 K\u010d.<br \/>\n\u0160koln\u00e9 je splatn\u00e9 ve dvou \u010d\u00e1stk\u00e1ch<br \/>\n170 000 K\u010d v 1. pololet\u00ed a 155 000 K\u010d ve 2. pololet\u00ed.<\/p>\n<p>\u010c\u00e1stka zahrnuje:<\/p>\n<p>\u2b50\ufe0e Kompletn\u00ed vzd\u011bl\u00e1vac\u00ed program v \u010desk\u00e9m a anglick\u00e9m jazyce<\/p>\n<p>\u2b50\ufe0e U\u010debnice a se\u0161ity<\/p>\n<p>\u2b50\ufe0e Stravn\u00e9, tedy dopoledn\u00ed sva\u010dinu a ob\u011bd, p\u0159\u00edpadn\u011b mo\u017enosti dietn\u00edho ob\u011bda<\/p>\n<p>\u2b50\ufe0e Poji\u0161t\u011bn\u00ed<\/p>\n<p>Ro\u010dn\u00ed \u0161koln\u00e9 je splatn\u00e9 ve dvou spl\u00e1tk\u00e1ch (\u010derven, leden). V od\u016fvodn\u011bn\u00fdch p\u0159\u00edpadech a po p\u0159edchoz\u00ed dohod\u011b je mo\u017en\u00e9 rozd\u011blit \u0161koln\u00e9 na v\u00edce spl\u00e1tek. Vyjdeme v\u00e1m vst\u0159\u00edc.<\/p>\n<p>Rezerva\u010dn\u00ed poplatek je 15 000 K\u010d. Ten je ode\u010dten z prvn\u00ed spl\u00e1tky \u0161koln\u00e9ho.<\/p>\n<p>\u0160koln\u00e9 se ro\u010dn\u011b navy\u0161uje minim\u00e1ln\u011b o inflaci p\u0159edchoz\u00edho kalend\u00e1\u0159n\u00edho roku (dle ofici\u00e1ln\u00edch dat \u010cS\u00da). Meziro\u010dn\u00ed n\u00e1r\u016fst \u0161koln\u00e9ho mezi \u0161koln\u00edm rokem 2025\/2026 a \u0161koln\u00edm rokem 2026\/2027 \u010din\u00ed 2,5%.<\/p>\n<p>Dru\u017eina, mimo\u0161koln\u00ed aktivity, krou\u017eky a v\u00fdlety\/v\u00fdjezdy\/pobyty jsou voliteln\u00e9 a jsou hrazeny zvl\u00e1\u0161\u0165.<\/p>\n<p><img decoding=\"async\" src=\"https:\/\/global-minded.cz\/wp-content\/themes\/childit\/assets\/img\/lazy.png\" alt=\"\" data-src=\"https:\/\/global-minded.cz\/wp-content\/uploads\/2019\/09\/education-big.png\" \/><\/p>\n<\/section>\n","protected":false},"excerpt":{"rendered":"<p>Jak se k n\u00e1m m\u016f\u017eete zapsat? Z\u00e1pis \u0160koln\u00ed rok 2026\/27 Ro\u010dn\u00ed \u0161koln\u00e9 pro rok 2026\/2027 je 325 000 K\u010d. \u0160koln\u00e9 je splatn\u00e9 ve dvou \u010d\u00e1stk\u00e1ch 170 000 K\u010d v 1. [&hellip;]<\/p>\n","protected":false},"author":1,"featured_media":0,"parent":0,"menu_order":0,"comment_status":"closed","ping_status":"closed","template":"","meta":{"_acf_changed":false,"inline_featured_image":false,"footnotes":""},"class_list":["post-1075","page","type-page","status-publish","hentry"],"acf":[],"_links":{"self":[{"href":"https:\/\/global-minded.cz\/index.php?rest_route=\/wp\/v2\/pages\/1075","targetHints":{"allow":["GET"]}}],"collection":[{"href":"https:\/\/global-minded.cz\/index.php?rest_route=\/wp\/v2\/pages"}],"about":[{"href":"https:\/\/global-minded.cz\/index.php?rest_route=\/wp\/v2\/types\/page"}],"author":[{"embeddable":true,"href":"https:\/\/global-minded.cz\/index.php?rest_route=\/wp\/v2\/users\/1"}],"replies":[{"embeddable":true,"href":"https:\/\/global-minded.cz\/index.php?rest_route=%2Fwp%2Fv2%2Fcomments&post=1075"}],"version-history":[{"count":43,"href":"https:\/\/global-minded.cz\/index.php?rest_route=\/wp\/v2\/pages\/1075\/revisions"}],"predecessor-version":[{"id":3112,"href":"https:\/\/global-minded.cz\/index.php?rest_route=\/wp\/v2\/pages\/1075\/revisions\/3112"}],"wp:attachment":[{"href":"https:\/\/global-minded.cz\/index.php?rest_route=%2Fwp%2Fv2%2Fmedia&parent=1075"}],"curies":[{"name":"wp","href":"https:\/\/api.w.org\/{rel}","templated":true}]}}